{"id":862,"date":"2023-07-27T19:33:50","date_gmt":"2023-07-27T17:33:50","guid":{"rendered":"http:\/\/ams.local\/?page_id=862"},"modified":"2024-06-20T15:50:30","modified_gmt":"2024-06-20T13:50:30","slug":"accessories","status":"publish","type":"page","link":"https:\/\/artur-mueller.com\/en\/zubehoer\/","title":{"rendered":"Access\u00adories"},"content":{"rendered":"<div data-elementor-type=\"wp-page\" data-elementor-id=\"862\" class=\"elementor elementor-862\">\n\t\t\t\t\t\t<section class=\"elementor-section elementor-top-section elementor-element elementor-element-7d42612 elementor-section-boxed elementor-section-height-default elementor-section-height-default\" data-id=\"7d42612\" data-element_type=\"section\" data-e-type=\"section\">\n\t\t\t\t\t\t<div class=\"elementor-container elementor-column-gap-default\">\n\t\t\t\t\t<div class=\"elementor-column elementor-col-100 elementor-top-column elementor-element elementor-element-d776cc1\" data-id=\"d776cc1\" data-element_type=\"column\" data-e-type=\"column\">\n\t\t\t<div class=\"elementor-widget-wrap elementor-element-populated\">\n\t\t\t\t\t\t<div class=\"elementor-element elementor-element-d90f00a elementor-widget elementor-widget-heading\" data-id=\"d90f00a\" data-element_type=\"widget\" data-e-type=\"widget\" data-widget_type=\"heading.default\">\n\t\t\t\t<div class=\"elementor-widget-container\">\n\t\t\t\t\t<h1 class=\"elementor-heading-title elementor-size-default\">Access\u00adories<\/h1>\t\t\t\t<\/div>\n\t\t\t\t<\/div>\n\t\t\t\t<div class=\"elementor-element elementor-element-66ba2de elementor-widget-divider--view-line elementor-widget elementor-widget-divider\" data-id=\"66ba2de\" data-element_type=\"widget\" data-e-type=\"widget\" data-widget_type=\"divider.default\">\n\t\t\t\t<div class=\"elementor-widget-container\">\n\t\t\t\t\t\t\t<div class=\"elementor-divider\">\n\t\t\t<span class=\"elementor-divider-separator\">\n\t\t\t\t\t\t<\/span>\n\t\t<\/div>\n\t\t\t\t\t\t<\/div>\n\t\t\t\t<\/div>\n\t\t\t\t\t<\/div>\n\t\t<\/div>\n\t\t\t\t\t<\/div>\n\t\t<\/section>\n\t\t\t\t<section class=\"elementor-section elementor-top-section elementor-element elementor-element-eb78a3f elementor-section-content-top elementor-hidden-mobile elementor-section-boxed elementor-section-height-default elementor-section-height-default\" data-id=\"eb78a3f\" data-element_type=\"section\" data-e-type=\"section\">\n\t\t\t\t\t\t<div class=\"elementor-container elementor-column-gap-default\">\n\t\t\t\t\t<div class=\"elementor-column elementor-col-50 elementor-top-column elementor-element elementor-element-313767a\" data-id=\"313767a\" data-element_type=\"column\" data-e-type=\"column\" data-settings=\"{&quot;background_background&quot;:&quot;classic&quot;}\">\n\t\t\t<div class=\"elementor-widget-wrap elementor-element-populated\">\n\t\t\t\t\t<div class=\"elementor-background-overlay\"><\/div>\n\t\t\t\t\t\t<div class=\"elementor-element elementor-element-4e69043 elementor-widget elementor-widget-image\" data-id=\"4e69043\" data-element_type=\"widget\" data-e-type=\"widget\" data-widget_type=\"image.default\">\n\t\t\t\t<div class=\"elementor-widget-container\">\n\t\t\t\t\t\t\t\t\t\t\t\t\t\t\t\t<a href=\"https:\/\/artur-mueller.com\/en\/spare-parts\/\">\n\t\t\t\t\t\t\t<img fetchpriority=\"high\" decoding=\"async\" width=\"800\" height=\"600\" src=\"https:\/\/artur-mueller.com\/wp-content\/uploads\/2023\/07\/Anschlagkopf-neuer-bg-1024x768.jpg\" class=\"attachment-large size-large wp-image-723\" alt=\"Anschlagkopf Metall\" srcset=\"https:\/\/artur-mueller.com\/wp-content\/uploads\/2023\/07\/Anschlagkopf-neuer-bg-1024x768.jpg 1024w, https:\/\/artur-mueller.com\/wp-content\/uploads\/2023\/07\/Anschlagkopf-neuer-bg-300x225.jpg 300w, https:\/\/artur-mueller.com\/wp-content\/uploads\/2023\/07\/Anschlagkopf-neuer-bg-768x576.jpg 768w, https:\/\/artur-mueller.com\/wp-content\/uploads\/2023\/07\/Anschlagkopf-neuer-bg-1536x1152.jpg 1536w, https:\/\/artur-mueller.com\/wp-content\/uploads\/2023\/07\/Anschlagkopf-neuer-bg-2048x1536.jpg 2048w, https:\/\/artur-mueller.com\/wp-content\/uploads\/2023\/07\/Anschlagkopf-neuer-bg-16x12.jpg 16w\" sizes=\"(max-width: 800px) 100vw, 800px\">\t\t\t\t\t\t\t\t<\/a>\n\t\t\t\t\t\t\t\t\t\t\t\t\t\t\t<\/div>\n\t\t\t\t<\/div>\n\t\t\t\t<div class=\"elementor-element elementor-element-8acb185 elementor-widget elementor-widget-heading\" data-id=\"8acb185\" data-element_type=\"widget\" data-e-type=\"widget\" data-widget_type=\"heading.default\">\n\t\t\t\t<div class=\"elementor-widget-container\">\n\t\t\t\t\t<h3 class=\"elementor-heading-title elementor-size-default\">Access\u00adories and spare parts<\/h3>\t\t\t\t<\/div>\n\t\t\t\t<\/div>\n\t\t\t\t<div class=\"elementor-element elementor-element-185a53c elementor-widget elementor-widget-text-editor\" data-id=\"185a53c\" data-element_type=\"widget\" data-e-type=\"widget\" data-widget_type=\"text-editor.default\">\n\t\t\t\t<div class=\"elementor-widget-container\">\n\t\t\t\t\t\t\t\t\t<p>Extend the capa\u00adbi\u00adli\u00adties of your machine with dif\u00adfe\u00adrent Die-Boxes and more.<\/p><p>You can request spare parts for your machi\u00adnes even after deca\u00addes of use.<\/p>\t\t\t\t\t\t\t\t<\/div>\n\t\t\t\t<\/div>\n\t\t\t\t<div class=\"elementor-element elementor-element-764b29e elementor-align-justify elementor-widget elementor-widget-button\" data-id=\"764b29e\" data-element_type=\"widget\" data-e-type=\"widget\" data-widget_type=\"button.default\">\n\t\t\t\t<div class=\"elementor-widget-container\">\n\t\t\t\t\t\t\t\t\t<div class=\"elementor-button-wrapper\">\n\t\t\t\t\t<a class=\"elementor-button elementor-button-link elementor-size-sm\" href=\"https:\/\/artur-mueller.com\/en\/spare-parts\/\">\n\t\t\t\t\t\t<span class=\"elementor-button-content-wrapper\">\n\t\t\t\t\t\t\t\t\t<span class=\"elementor-button-text\">Access\u00adories and spare parts<\/span>\n\t\t\t\t\t<\/span>\n\t\t\t\t\t<\/a>\n\t\t\t\t<\/div>\n\t\t\t\t\t\t\t\t<\/div>\n\t\t\t\t<\/div>\n\t\t\t\t\t<\/div>\n\t\t<\/div>\n\t\t\t\t<div class=\"elementor-column elementor-col-50 elementor-top-column elementor-element elementor-element-bc86ee5\" data-id=\"bc86ee5\" data-element_type=\"column\" data-e-type=\"column\" data-settings=\"{&quot;background_background&quot;:&quot;classic&quot;}\">\n\t\t\t<div class=\"elementor-widget-wrap elementor-element-populated\">\n\t\t\t\t\t<div class=\"elementor-background-overlay\"><\/div>\n\t\t\t\t\t\t<div class=\"elementor-element elementor-element-4f13ea9 elementor-widget elementor-widget-image\" data-id=\"4f13ea9\" data-element_type=\"widget\" data-e-type=\"widget\" data-widget_type=\"image.default\">\n\t\t\t\t<div class=\"elementor-widget-container\">\n\t\t\t\t\t\t\t\t\t\t\t\t\t\t\t\t<a href=\"https:\/\/artur-mueller.com\/en\/consumable-supplies\/\">\n\t\t\t\t\t\t\t<img decoding=\"async\" width=\"800\" height=\"600\" src=\"https:\/\/artur-mueller.com\/wp-content\/uploads\/2023\/11\/Acetatfolie-liegend-resized-1024x768.jpg\" class=\"attachment-large size-large wp-image-1484\" alt=\"Acetatfolie\" srcset=\"https:\/\/artur-mueller.com\/wp-content\/uploads\/2023\/11\/Acetatfolie-liegend-resized-1024x768.jpg 1024w, https:\/\/artur-mueller.com\/wp-content\/uploads\/2023\/11\/Acetatfolie-liegend-resized-300x225.jpg 300w, https:\/\/artur-mueller.com\/wp-content\/uploads\/2023\/11\/Acetatfolie-liegend-resized-768x576.jpg 768w, https:\/\/artur-mueller.com\/wp-content\/uploads\/2023\/11\/Acetatfolie-liegend-resized-1536x1152.jpg 1536w, https:\/\/artur-mueller.com\/wp-content\/uploads\/2023\/11\/Acetatfolie-liegend-resized-2048x1536.jpg 2048w, https:\/\/artur-mueller.com\/wp-content\/uploads\/2023\/11\/Acetatfolie-liegend-resized-16x12.jpg 16w\" sizes=\"(max-width: 800px) 100vw, 800px\">\t\t\t\t\t\t\t\t<\/a>\n\t\t\t\t\t\t\t\t\t\t\t\t\t\t\t<\/div>\n\t\t\t\t<\/div>\n\t\t\t\t<div class=\"elementor-element elementor-element-c56b08b elementor-widget elementor-widget-heading\" data-id=\"c56b08b\" data-element_type=\"widget\" data-e-type=\"widget\" data-widget_type=\"heading.default\">\n\t\t\t\t<div class=\"elementor-widget-container\">\n\t\t\t\t\t<h3 class=\"elementor-heading-title elementor-size-default\">Con\u00adsu\u00adma\u00adble sup\u00adplies<\/h3>\t\t\t\t<\/div>\n\t\t\t\t<\/div>\n\t\t\t\t<div class=\"elementor-element elementor-element-a3558cd elementor-widget elementor-widget-text-editor\" data-id=\"a3558cd\" data-element_type=\"widget\" data-e-type=\"widget\" data-widget_type=\"text-editor.default\">\n\t\t\t\t<div class=\"elementor-widget-container\">\n\t\t\t\t\t\t\t\t\t<p>Our sup\u00adplies are tes\u00adted for pro\u00adces\u00adsing in our machi\u00adnes. Our ace\u00adtate film, lustring agent, and metal bands pro\u00advide a com\u00adpre\u00adhen\u00adsive solu\u00adtion with cer\u00adti\u00adfied com\u00adpon\u00adents.<\/p>\t\t\t\t\t\t\t\t<\/div>\n\t\t\t\t<\/div>\n\t\t\t\t<div class=\"elementor-element elementor-element-4be38b3 elementor-align-justify elementor-absolute elementor-widget elementor-widget-button\" data-id=\"4be38b3\" data-element_type=\"widget\" data-e-type=\"widget\" data-settings=\"{&quot;_position&quot;:&quot;absolute&quot;}\" data-widget_type=\"button.default\">\n\t\t\t\t<div class=\"elementor-widget-container\">\n\t\t\t\t\t\t\t\t\t<div class=\"elementor-button-wrapper\">\n\t\t\t\t\t<a class=\"elementor-button elementor-button-link elementor-size-sm\" href=\"https:\/\/artur-mueller.com\/en\/consumable-supplies\/\">\n\t\t\t\t\t\t<span class=\"elementor-button-content-wrapper\">\n\t\t\t\t\t\t\t\t\t<span class=\"elementor-button-text\">Con\u00adsu\u00adma\u00adble sup\u00adplies<\/span>\n\t\t\t\t\t<\/span>\n\t\t\t\t\t<\/a>\n\t\t\t\t<\/div>\n\t\t\t\t\t\t\t\t<\/div>\n\t\t\t\t<\/div>\n\t\t\t\t\t<\/div>\n\t\t<\/div>\n\t\t\t\t\t<\/div>\n\t\t<\/section>\n\t\t\t\t<section class=\"elementor-section elementor-top-section elementor-element elementor-element-800842b elementor-section-content-top elementor-reverse-mobile elementor-hidden-desktop elementor-hidden-tablet elementor-section-boxed elementor-section-height-default elementor-section-height-default\" data-id=\"800842b\" data-element_type=\"section\" data-e-type=\"section\">\n\t\t\t\t\t\t<div class=\"elementor-container elementor-column-gap-default\">\n\t\t\t\t\t<div class=\"elementor-column elementor-col-50 elementor-top-column elementor-element elementor-element-7061808\" data-id=\"7061808\" data-element_type=\"column\" data-e-type=\"column\" data-settings=\"{&quot;background_background&quot;:&quot;classic&quot;}\">\n\t\t\t<div class=\"elementor-widget-wrap elementor-element-populated\">\n\t\t\t\t\t<div class=\"elementor-background-overlay\"><\/div>\n\t\t\t\t\t\t<div class=\"elementor-element elementor-element-93deb57 elementor-widget elementor-widget-image\" data-id=\"93deb57\" data-element_type=\"widget\" data-e-type=\"widget\" data-widget_type=\"image.default\">\n\t\t\t\t<div class=\"elementor-widget-container\">\n\t\t\t\t\t\t\t\t\t\t\t\t\t\t\t<img fetchpriority=\"high\" decoding=\"async\" width=\"800\" height=\"600\" src=\"https:\/\/artur-mueller.com\/wp-content\/uploads\/2023\/07\/Anschlagkopf-neuer-bg-1024x768.jpg\" class=\"attachment-large size-large wp-image-723\" alt=\"Anschlagkopf Metall\" srcset=\"https:\/\/artur-mueller.com\/wp-content\/uploads\/2023\/07\/Anschlagkopf-neuer-bg-1024x768.jpg 1024w, https:\/\/artur-mueller.com\/wp-content\/uploads\/2023\/07\/Anschlagkopf-neuer-bg-300x225.jpg 300w, https:\/\/artur-mueller.com\/wp-content\/uploads\/2023\/07\/Anschlagkopf-neuer-bg-768x576.jpg 768w, https:\/\/artur-mueller.com\/wp-content\/uploads\/2023\/07\/Anschlagkopf-neuer-bg-1536x1152.jpg 1536w, https:\/\/artur-mueller.com\/wp-content\/uploads\/2023\/07\/Anschlagkopf-neuer-bg-2048x1536.jpg 2048w, https:\/\/artur-mueller.com\/wp-content\/uploads\/2023\/07\/Anschlagkopf-neuer-bg-16x12.jpg 16w\" sizes=\"(max-width: 800px) 100vw, 800px\">\t\t\t\t\t\t\t\t\t\t\t\t\t\t\t<\/div>\n\t\t\t\t<\/div>\n\t\t\t\t<div class=\"elementor-element elementor-element-63220b3 elementor-widget elementor-widget-heading\" data-id=\"63220b3\" data-element_type=\"widget\" data-e-type=\"widget\" data-widget_type=\"heading.default\">\n\t\t\t\t<div class=\"elementor-widget-container\">\n\t\t\t\t\t<h3 class=\"elementor-heading-title elementor-size-default\">Access\u00adories and spare parts<\/h3>\t\t\t\t<\/div>\n\t\t\t\t<\/div>\n\t\t\t\t<div class=\"elementor-element elementor-element-0dcdfad elementor-widget elementor-widget-text-editor\" data-id=\"0dcdfad\" data-element_type=\"widget\" data-e-type=\"widget\" data-widget_type=\"text-editor.default\">\n\t\t\t\t<div class=\"elementor-widget-container\">\n\t\t\t\t\t\t\t\t\t<p>Extend the capa\u00adbi\u00adli\u00adties of your machine with dif\u00adfe\u00adrent Die-Boxes and more.<\/p>\n<p>You can also request spare parts for your machine, even after deca\u00addes of use.<\/p>\t\t\t\t\t\t\t\t<\/div>\n\t\t\t\t<\/div>\n\t\t\t\t<div class=\"elementor-element elementor-element-06ed289 elementor-align-justify elementor-widget elementor-widget-button\" data-id=\"06ed289\" data-element_type=\"widget\" data-e-type=\"widget\" data-widget_type=\"button.default\">\n\t\t\t\t<div class=\"elementor-widget-container\">\n\t\t\t\t\t\t\t\t\t<div class=\"elementor-button-wrapper\">\n\t\t\t\t\t<a class=\"elementor-button elementor-button-link elementor-size-sm\" href=\"https:\/\/artur-mueller.com\/en\/spare-parts\/\">\n\t\t\t\t\t\t<span class=\"elementor-button-content-wrapper\">\n\t\t\t\t\t\t\t\t\t<span class=\"elementor-button-text\">Access\u00adories and spare parts<\/span>\n\t\t\t\t\t<\/span>\n\t\t\t\t\t<\/a>\n\t\t\t\t<\/div>\n\t\t\t\t\t\t\t\t<\/div>\n\t\t\t\t<\/div>\n\t\t\t\t\t<\/div>\n\t\t<\/div>\n\t\t\t\t<div class=\"elementor-column elementor-col-50 elementor-top-column elementor-element elementor-element-9cd587e\" data-id=\"9cd587e\" data-element_type=\"column\" data-e-type=\"column\" data-settings=\"{&quot;background_background&quot;:&quot;classic&quot;}\">\n\t\t\t<div class=\"elementor-widget-wrap elementor-element-populated\">\n\t\t\t\t\t<div class=\"elementor-background-overlay\"><\/div>\n\t\t\t\t\t\t<div class=\"elementor-element elementor-element-d005f62 elementor-widget elementor-widget-image\" data-id=\"d005f62\" data-element_type=\"widget\" data-e-type=\"widget\" data-widget_type=\"image.default\">\n\t\t\t\t<div class=\"elementor-widget-container\">\n\t\t\t\t\t\t\t\t\t\t\t\t\t\t\t<img decoding=\"async\" width=\"800\" height=\"600\" src=\"https:\/\/artur-mueller.com\/wp-content\/uploads\/2023\/11\/Acetatfolie-liegend-resized-1024x768.jpg\" class=\"attachment-large size-large wp-image-1484\" alt=\"Acetatfolie\" srcset=\"https:\/\/artur-mueller.com\/wp-content\/uploads\/2023\/11\/Acetatfolie-liegend-resized-1024x768.jpg 1024w, https:\/\/artur-mueller.com\/wp-content\/uploads\/2023\/11\/Acetatfolie-liegend-resized-300x225.jpg 300w, https:\/\/artur-mueller.com\/wp-content\/uploads\/2023\/11\/Acetatfolie-liegend-resized-768x576.jpg 768w, https:\/\/artur-mueller.com\/wp-content\/uploads\/2023\/11\/Acetatfolie-liegend-resized-1536x1152.jpg 1536w, https:\/\/artur-mueller.com\/wp-content\/uploads\/2023\/11\/Acetatfolie-liegend-resized-2048x1536.jpg 2048w, https:\/\/artur-mueller.com\/wp-content\/uploads\/2023\/11\/Acetatfolie-liegend-resized-16x12.jpg 16w\" sizes=\"(max-width: 800px) 100vw, 800px\">\t\t\t\t\t\t\t\t\t\t\t\t\t\t\t<\/div>\n\t\t\t\t<\/div>\n\t\t\t\t<div class=\"elementor-element elementor-element-228e289 elementor-widget elementor-widget-heading\" data-id=\"228e289\" data-element_type=\"widget\" data-e-type=\"widget\" data-widget_type=\"heading.default\">\n\t\t\t\t<div class=\"elementor-widget-container\">\n\t\t\t\t\t<h3 class=\"elementor-heading-title elementor-size-default\">Con\u00adsu\u00adma\u00adble sup\u00adplies<\/h3>\t\t\t\t<\/div>\n\t\t\t\t<\/div>\n\t\t\t\t<div class=\"elementor-element elementor-element-3b7367e elementor-widget elementor-widget-text-editor\" data-id=\"3b7367e\" data-element_type=\"widget\" data-e-type=\"widget\" data-widget_type=\"text-editor.default\">\n\t\t\t\t<div class=\"elementor-widget-container\">\n\t\t\t\t\t\t\t\t\t<p>Our sup\u00adplies are tes\u00adted for pro\u00adces\u00adsing in our machi\u00adnes. Our ace\u00adtate film, lustring agent, and metal bands pro\u00advide a com\u00adpre\u00adhen\u00adsive solu\u00adtion with cer\u00adti\u00adfied com\u00adpon\u00adents.<\/p>\t\t\t\t\t\t\t\t<\/div>\n\t\t\t\t<\/div>\n\t\t\t\t<div class=\"elementor-element elementor-element-54b353a elementor-align-justify elementor-widget elementor-widget-button\" data-id=\"54b353a\" data-element_type=\"widget\" data-e-type=\"widget\" data-widget_type=\"button.default\">\n\t\t\t\t<div class=\"elementor-widget-container\">\n\t\t\t\t\t\t\t\t\t<div class=\"elementor-button-wrapper\">\n\t\t\t\t\t<a class=\"elementor-button elementor-button-link elementor-size-sm\" href=\"https:\/\/artur-mueller.com\/en\/consumable-supplies\/\">\n\t\t\t\t\t\t<span class=\"elementor-button-content-wrapper\">\n\t\t\t\t\t\t\t\t\t<span class=\"elementor-button-text\">Con\u00adsu\u00adma\u00adble sup\u00adplies<\/span>\n\t\t\t\t\t<\/span>\n\t\t\t\t\t<\/a>\n\t\t\t\t<\/div>\n\t\t\t\t\t\t\t\t<\/div>\n\t\t\t\t<\/div>\n\t\t\t\t\t<\/div>\n\t\t<\/div>\n\t\t\t\t\t<\/div>\n\t\t<\/section>\n\t\t<div class=\"elementor-element elementor-element-88d2a83 e-flex e-con-boxed e-con e-parent\" data-id=\"88d2a83\" data-element_type=\"container\" data-e-type=\"container\">\n\t\t\t\t\t<div class=\"e-con-inner\">\n\t\t\t\t<div class=\"elementor-element elementor-element-df5c887 elementor-widget elementor-widget-spacer\" data-id=\"df5c887\" data-element_type=\"widget\" data-e-type=\"widget\" data-widget_type=\"spacer.default\">\n\t\t\t\t<div class=\"elementor-widget-container\">\n\t\t\t\t\t\t\t<div class=\"elementor-spacer\">\n\t\t\t<div class=\"elementor-spacer-inner\"><\/div>\n\t\t<\/div>\n\t\t\t\t\t\t<\/div>\n\t\t\t\t<\/div>\n\t\t\t\t\t<\/div>\n\t\t\t\t<\/div>\n\t\t\t\t<\/div>","protected":false},"excerpt":{"rendered":"<p>Zubeh\u00f6r Zubeh\u00f6r und Ersatzteile Erweitern Sie die Einsatzm\u00f6glichkeiten Ihrer Maschine mit unterschiedlichen K\u00f6pfen, Messern, Matrizen und mehr. Selbst nach jahrzehntelangem Einsatz k\u00f6nnen Sie Ersatzteile f\u00fcr Ihre Maschine anfragen. Zubeh\u00f6r und Ersatzteile Verbrauchsmaterial Unser Material ist f\u00fcr die Verarbeitung in unseren Maschinen getestet. Unsere Acetatfolie, L\u00fcstriermittel und Metallband bieten eine Gesamtl\u00f6sung mit zertifizierten Komponenten. Verbrauchsmaterial Zubeh\u00f6r [&hellip;]<\/p>\n","protected":false},"author":2,"featured_media":0,"parent":0,"menu_order":0,"comment_status":"closed","ping_status":"closed","template":"","meta":{"om_disable_all_campaigns":false,"wp_typography_post_enhancements_disabled":false,"footnotes":""},"class_list":["post-862","page","type-page","status-publish","hentry"],"aioseo_notices":[],"_links":{"self":[{"href":"https:\/\/artur-mueller.com\/en\/wp-json\/wp\/v2\/pages\/862","targetHints":{"allow":["GET"]}}],"collection":[{"href":"https:\/\/artur-mueller.com\/en\/wp-json\/wp\/v2\/pages"}],"about":[{"href":"https:\/\/artur-mueller.com\/en\/wp-json\/wp\/v2\/types\/page"}],"author":[{"embeddable":true,"href":"https:\/\/artur-mueller.com\/en\/wp-json\/wp\/v2\/users\/2"}],"replies":[{"embeddable":true,"href":"https:\/\/artur-mueller.com\/en\/wp-json\/wp\/v2\/comments?post=862"}],"version-history":[{"count":50,"href":"https:\/\/artur-mueller.com\/en\/wp-json\/wp\/v2\/pages\/862\/revisions"}],"predecessor-version":[{"id":1977,"href":"https:\/\/artur-mueller.com\/en\/wp-json\/wp\/v2\/pages\/862\/revisions\/1977"}],"wp:attachment":[{"href":"https:\/\/artur-mueller.com\/en\/wp-json\/wp\/v2\/media?parent=862"}],"curies":[{"name":"wp","href":"https:\/\/api.w.org\/{rel}","templated":true}]}}