{"id":505,"date":"2023-07-17T19:30:13","date_gmt":"2023-07-17T17:30:13","guid":{"rendered":"http:\/\/ams.local\/?page_id=505"},"modified":"2024-06-20T14:37:47","modified_gmt":"2024-06-20T12:37:47","slug":"legal-notice","status":"publish","type":"page","link":"https:\/\/artur-mueller.com\/en\/legal-notice\/","title":{"rendered":"Legal notice"},"content":{"rendered":"<div data-elementor-type=\"wp-page\" data-elementor-id=\"505\" class=\"elementor elementor-505\">\n\t\t\t\t\t\t<section class=\"elementor-section elementor-top-section elementor-element elementor-element-8ea8912 elementor-section-boxed elementor-section-height-default elementor-section-height-default\" data-id=\"8ea8912\" data-element_type=\"section\" data-e-type=\"section\">\n\t\t\t\t\t\t<div class=\"elementor-container elementor-column-gap-default\">\n\t\t\t\t\t<div class=\"elementor-column elementor-col-100 elementor-top-column elementor-element elementor-element-16dd378\" data-id=\"16dd378\" data-element_type=\"column\" data-e-type=\"column\">\n\t\t\t<div class=\"elementor-widget-wrap elementor-element-populated\">\n\t\t\t\t\t\t<div class=\"elementor-element elementor-element-d4128f6 elementor-widget elementor-widget-heading\" data-id=\"d4128f6\" data-element_type=\"widget\" data-e-type=\"widget\" data-widget_type=\"heading.default\">\n\t\t\t\t<div class=\"elementor-widget-container\">\n\t\t\t\t\t<h1 class=\"elementor-heading-title elementor-size-default\">Legal notice<\/h1>\t\t\t\t<\/div>\n\t\t\t\t<\/div>\n\t\t\t\t<div class=\"elementor-element elementor-element-5008b5c elementor-widget elementor-widget-heading\" data-id=\"5008b5c\" data-element_type=\"widget\" data-e-type=\"widget\" data-widget_type=\"heading.default\">\n\t\t\t\t<div class=\"elementor-widget-container\">\n\t\t\t\t\t<h2 class=\"elementor-heading-title elementor-size-default\">Respon\u00adsi\u00adble for con\u00adtent accor\u00adding to \u00a7 55 Abs. 2 RStV <\/h2>\t\t\t\t<\/div>\n\t\t\t\t<\/div>\n\t\t\t\t<div class=\"elementor-element elementor-element-5575d89 elementor-widget elementor-widget-text-editor\" data-id=\"5575d89\" data-element_type=\"widget\" data-e-type=\"widget\" data-widget_type=\"text-editor.default\">\n\t\t\t\t<div class=\"elementor-widget-container\">\n\t\t\t\t\t\t\t\t\t<p>Artur M\u00fcl\u00adler &amp; S\u00f6hne GmbH<br>Schwes\u00adter\u00adstr. 41<br>42285 Wup\u00adper\u00adtal<br>Ger\u00admany<\/p><p>+49 202 452544<br>+49 202 452115<br>info@artur-mueller.com<br>www.artur-mueller.com<\/p><p>Court of regis\u00adtra\u00adtion: Wup\u00adper\u00adtal HRB 16821<br>UST-ID Nr. DE 234 899 378<br>Gene\u00adral mana\u00adger: Frank M\u00fcl\u00adler<\/p>\t\t\t\t\t\t\t\t<\/div>\n\t\t\t\t<\/div>\n\t\t\t\t<div class=\"elementor-element elementor-element-8c85023 elementor-widget-divider--view-line elementor-widget elementor-widget-divider\" data-id=\"8c85023\" data-element_type=\"widget\" data-e-type=\"widget\" data-widget_type=\"divider.default\">\n\t\t\t\t<div class=\"elementor-widget-container\">\n\t\t\t\t\t\t\t<div class=\"elementor-divider\">\n\t\t\t<span class=\"elementor-divider-separator\">\n\t\t\t\t\t\t<\/span>\n\t\t<\/div>\n\t\t\t\t\t\t<\/div>\n\t\t\t\t<\/div>\n\t\t\t\t<div class=\"elementor-element elementor-element-3f33d63 elementor-widget elementor-widget-heading\" data-id=\"3f33d63\" data-element_type=\"widget\" data-e-type=\"widget\" data-widget_type=\"heading.default\">\n\t\t\t\t<div class=\"elementor-widget-container\">\n\t\t\t\t\t<h2 class=\"elementor-heading-title elementor-size-default\">Exclu\u00adsion of lia\u00adbi\u00adlity<\/h2>\t\t\t\t<\/div>\n\t\t\t\t<\/div>\n\t\t\t\t<div class=\"elementor-element elementor-element-ea4eba6 elementor-widget elementor-widget-text-editor\" data-id=\"ea4eba6\" data-element_type=\"widget\" data-e-type=\"widget\" data-widget_type=\"text-editor.default\">\n\t\t\t\t<div class=\"elementor-widget-container\">\n\t\t\t\t\t\t\t\t\t<p>Con\u00adtent of the online offe\u00adring<\/p><p>The aut\u00adhor takes no respon\u00adsi\u00adbi\u00adlity for the time\u00adliness, accu\u00adracy, com\u00adple\u00adten\u00adess, or qua\u00adlity of the infor\u00adma\u00adtion pro\u00advi\u00added. Lia\u00adbi\u00adlity claims against the aut\u00adhor, which refer to mate\u00adrial or imma\u00adte\u00adrial dama\u00adges cau\u00adsed by the use or non-use of the pre\u00adsen\u00adted infor\u00adma\u00adtion or by the use of incor\u00adrect and incom\u00adplete infor\u00adma\u00adtion, are gene\u00adrally excluded, unless there is evi\u00addence of willful mis\u00adcon\u00adduct or gross negli\u00adgence on the part of the aut\u00adhor. All offers are non-bin\u00adding and wit\u00adhout obli\u00adga\u00adtion. The aut\u00adhor expressly reser\u00adves the right to change, sup\u00adple\u00adment, delete parts of the pages, or the entire offer wit\u00adhout sepa\u00adrate announce\u00adment, or to tem\u00adpo\u00adr\u00ada\u00adrily or per\u00adma\u00adnently dis\u00adcon\u00adti\u00adnue publi\u00adca\u00adtion.<br>Refern\u00adces and links<\/p><p>When direct or indi\u00adrect refe\u00adren\u00adces to exter\u00adnal web\u00adsites ('hyper\u00adlinks') are made, which are out\u00adside the author's area of respon\u00adsi\u00adbi\u00adlity, lia\u00adbi\u00adlity would only come into force if the aut\u00adhor has know\u00adledge of the con\u00adtent and it would be tech\u00adni\u00adcally pos\u00adsi\u00adble and reasonable for him to pre\u00advent the use in case of ille\u00adgal con\u00adtent. The aut\u00adhor her\u00adeby expressly decla\u00adres that at the time of lin\u00adking, no ille\u00adgal con\u00adtent was reco\u00adgnizable on the lin\u00adked pages. The aut\u00adhor has no influence on the cur\u00adrent and future design, con\u00adtent or aut\u00adhor\u00adship of the linked\/connected pages. The\u00adr\u00ade\u00adfore, he her\u00adeby expressly distances hims\u00adelf from all con\u00adtents of all linked\/connected pages which were chan\u00adged after the link set\u00adting. This state\u00adment applies to all links and refe\u00adren\u00adces set within the author's own inter\u00adnet offer as well as to for\u00adeign ent\u00adries in guest books, dis\u00adcus\u00adsion forums, link direc\u00adto\u00adries, mai\u00adling lists, and all other forms of data\u00adba\u00adses to whose con\u00adtent exter\u00adnal write access is pos\u00adsi\u00adble. For ille\u00adgal, incor\u00adrect or incom\u00adplete con\u00adtents and in par\u00adti\u00adcu\u00adlar for dama\u00adges ari\u00adsing from the use or non-use of such infor\u00adma\u00adtion, the pro\u00advi\u00adder of the page to which refe\u00adrence was made, and not the one who refers to the respec\u00adtive publi\u00adca\u00adtion via links, is lia\u00adble.<br>Copy\u00adright and Trade\u00admark Law<\/p><p>The aut\u00adhor endea\u00advors to respect the copy\u00adrights of the gra\u00adphics, sound docu\u00adments, video sequen\u00adces, and texts used in all publi\u00adca\u00adti\u00adons, to use gra\u00adphics, sound docu\u00adments, video sequen\u00adces, and texts crea\u00adted by hims\u00adelf, or to resort to license-free gra\u00adphics, sound docu\u00adments, video sequen\u00adces, and texts. All trade\u00admarks and brand names men\u00adtio\u00adned within the inter\u00adnet offe\u00adring and pos\u00adsi\u00adbly pro\u00adtec\u00adted by third par\u00adties are sub\u00adject wit\u00adhout rest\u00adric\u00adtion to the pro\u00advi\u00adsi\u00adons of the respec\u00adtively valid trade\u00admark law and the owner\u00adship rights of the respec\u00adtive regis\u00adtered owners. The mere men\u00adtion of trade\u00admarks does not imply that they are not pro\u00adtec\u00adted by the rights of third par\u00adties. The copy\u00adright for published objects crea\u00adted by the aut\u00adhor hims\u00adelf remains solely with the aut\u00adhor of the pages. Any repro\u00adduc\u00adtion or use of such gra\u00adphics, sound docu\u00adments, video sequen\u00adces, and texts in other elec\u00adtro\u00adnic or prin\u00adted publi\u00adca\u00adti\u00adons is not per\u00admit\u00adted wit\u00adhout the express con\u00adsent of the aut\u00adhor.<br>Legal Vali\u00addity of this Dis\u00adclai\u00admer<\/p><p>This dis\u00adclai\u00admer is to be regarded as part of the inter\u00adnet offe\u00adring from which refe\u00adrence was made to this page. If sec\u00adtions or indi\u00advi\u00addual for\u00admu\u00adla\u00adti\u00adons of this text do not, no lon\u00adger, or not com\u00adple\u00adtely cor\u00adre\u00adspond to the appli\u00adca\u00adble legal situa\u00adtion, the con\u00adtent and vali\u00addity of the remai\u00adning parts of the docu\u00adment remain unaf\u00adfec\u00adted by this.<\/p>\t\t\t\t\t\t\t\t<\/div>\n\t\t\t\t<\/div>\n\t\t\t\t\t<\/div>\n\t\t<\/div>\n\t\t\t\t\t<\/div>\n\t\t<\/section>\n\t\t\t\t<\/div>","protected":false},"excerpt":{"rendered":"<p>Impres\u00adsum Inhalt\u00adlich Ver\u00adant\u00adwort\u00adli\u00adcher gem\u00e4\u00df \u00a7 55 Abs. 2 RStV Artur M\u00fcl\u00adler &amp; S\u00f6hne GmbH\u00adSchwes\u00adter\u00adstr. 4142285 Wup\u00adper\u00adtal\u00adGer\u00admany +49 202 452544+49 202 452115info@artur-mueller.comwww.artur-mueller.com Regis\u00adter\u00adge\u00adricht Wup\u00adper\u00adtal HRB 16821UST-ID Nr. DE 234 899 378Gesch\u00e4ftsf\u00fchrer: Frank M\u00fcl\u00adler Haf\u00adtungs\u00adaus\u00adschluss Inhalt des Online\u00adan\u00adge\u00adbo\u00adtes Der Autor \u00fcber\u00adnimmt kei\u00adner\u00adlei Gew\u00e4hr f\u00fcr die Aktua\u00adli\u00adt\u00e4t, Kor\u00adrekt\u00adheit, Voll\u00adst\u00e4n\u00addig\u00adkeit oder Qua\u00adli\u00adt\u00e4t der bereit\u00adge\u00adstell\u00adten Infor\u00adma\u00adtio\u00adnen. Haf\u00adtungs\u00adan\u00adspr\u00fc\u00adche gegen den Autor, [\u2026]<\/p>","protected":false},"author":2,"featured_media":0,"parent":0,"menu_order":0,"comment_status":"closed","ping_status":"closed","template":"","meta":{"om_disable_all_campaigns":false,"wp_typography_post_enhancements_disabled":false,"footnotes":""},"class_list":["post-505","page","type-page","status-publish","hentry"],"aioseo_notices":[],"_links":{"self":[{"href":"https:\/\/artur-mueller.com\/en\/wp-json\/wp\/v2\/pages\/505","targetHints":{"allow":["GET"]}}],"collection":[{"href":"https:\/\/artur-mueller.com\/en\/wp-json\/wp\/v2\/pages"}],"about":[{"href":"https:\/\/artur-mueller.com\/en\/wp-json\/wp\/v2\/types\/page"}],"author":[{"embeddable":true,"href":"https:\/\/artur-mueller.com\/en\/wp-json\/wp\/v2\/users\/2"}],"replies":[{"embeddable":true,"href":"https:\/\/artur-mueller.com\/en\/wp-json\/wp\/v2\/comments?post=505"}],"version-history":[{"count":10,"href":"https:\/\/artur-mueller.com\/en\/wp-json\/wp\/v2\/pages\/505\/revisions"}],"predecessor-version":[{"id":1015,"href":"https:\/\/artur-mueller.com\/en\/wp-json\/wp\/v2\/pages\/505\/revisions\/1015"}],"wp:attachment":[{"href":"https:\/\/artur-mueller.com\/en\/wp-json\/wp\/v2\/media?parent=505"}],"curies":[{"name":"wp","href":"https:\/\/api.w.org\/{rel}","templated":true}]}}