{"id":430,"date":"2023-07-13T16:34:50","date_gmt":"2023-07-13T14:34:50","guid":{"rendered":"http:\/\/ams.local\/?page_id=430"},"modified":"2026-04-16T18:02:32","modified_gmt":"2026-04-16T16:02:32","slug":"consumable-supplies","status":"publish","type":"page","link":"https:\/\/artur-mueller.com\/en\/verbrauchsmaterial\/","title":{"rendered":"Con\u00adsu\u00adma\u00adble sup\u00adplies"},"content":{"rendered":"<div data-elementor-type=\"wp-page\" data-elementor-id=\"430\" class=\"elementor elementor-430\">\n\t\t\t\t\t\t<section class=\"elementor-section elementor-top-section elementor-element elementor-element-841c34b elementor-section-boxed elementor-section-height-default elementor-section-height-default\" data-id=\"841c34b\" data-element_type=\"section\" data-e-type=\"section\">\n\t\t\t\t\t\t<div class=\"elementor-container elementor-column-gap-default\">\n\t\t\t\t\t<div class=\"elementor-column elementor-col-100 elementor-top-column elementor-element elementor-element-abb6121\" data-id=\"abb6121\" data-element_type=\"column\" data-e-type=\"column\">\n\t\t\t<div class=\"elementor-widget-wrap elementor-element-populated\">\n\t\t\t\t\t\t<div class=\"elementor-element elementor-element-2154170 elementor-widget elementor-widget-heading\" data-id=\"2154170\" data-element_type=\"widget\" data-e-type=\"widget\" data-widget_type=\"heading.default\">\n\t\t\t\t<div class=\"elementor-widget-container\">\n\t\t\t\t\t<h1 class=\"elementor-heading-title elementor-size-default\">Con\u00adsu\u00adma\u00adble sup\u00adplies<\/h1>\t\t\t\t<\/div>\n\t\t\t\t<\/div>\n\t\t\t\t<div class=\"elementor-element elementor-element-24a2704 elementor-widget elementor-widget-text-editor\" data-id=\"24a2704\" data-element_type=\"widget\" data-e-type=\"widget\" data-widget_type=\"text-editor.default\">\n\t\t\t\t<div class=\"elementor-widget-container\">\n\t\t\t\t\t\t\t\t\t<p>Use our tes\u00adted con\u00adsu\u00adma\u00adble sup\u00adplies for your Artur M\u00fcl\u00adler &amp; Sons machi\u00adnes. Our high-qua\u00adlity ace\u00adtate film is free from phtha\u00adla\u00adtes and have mini\u00admal allo\u00adwan\u00adces. Moreo\u00adver, you can use metal band on many of our machi\u00adnes.<\/p>\t\t\t\t\t\t\t\t<\/div>\n\t\t\t\t<\/div>\n\t\t\t\t\t<\/div>\n\t\t<\/div>\n\t\t\t\t\t<\/div>\n\t\t<\/section>\n\t\t\t\t<section class=\"elementor-section elementor-top-section elementor-element elementor-element-bd4825f elementor-section-boxed elementor-section-height-default elementor-section-height-default\" data-id=\"bd4825f\" data-element_type=\"section\" data-e-type=\"section\">\n\t\t\t\t\t\t<div class=\"elementor-container elementor-column-gap-default\">\n\t\t\t\t\t<div class=\"elementor-column elementor-col-100 elementor-top-column elementor-element elementor-element-0b54b1b\" data-id=\"0b54b1b\" data-element_type=\"column\" data-e-type=\"column\">\n\t\t\t<div class=\"elementor-widget-wrap elementor-element-populated\">\n\t\t\t\t\t\t<div class=\"elementor-element elementor-element-53781e2 elementor-widget-divider--view-line elementor-widget elementor-widget-divider\" data-id=\"53781e2\" data-element_type=\"widget\" data-e-type=\"widget\" data-widget_type=\"divider.default\">\n\t\t\t\t<div class=\"elementor-widget-container\">\n\t\t\t\t\t\t\t<div class=\"elementor-divider\">\n\t\t\t<span class=\"elementor-divider-separator\">\n\t\t\t\t\t\t<\/span>\n\t\t<\/div>\n\t\t\t\t\t\t<\/div>\n\t\t\t\t<\/div>\n\t\t\t\t\t<\/div>\n\t\t<\/div>\n\t\t\t\t\t<\/div>\n\t\t<\/section>\n\t\t\t\t<section class=\"elementor-section elementor-top-section elementor-element elementor-element-1e55329 elementor-section-boxed elementor-section-height-default elementor-section-height-default\" data-id=\"1e55329\" data-element_type=\"section\" data-e-type=\"section\">\n\t\t\t\t\t\t<div class=\"elementor-container elementor-column-gap-default\">\n\t\t\t\t\t<div class=\"elementor-column elementor-col-33 elementor-top-column elementor-element elementor-element-2426d6c\" data-id=\"2426d6c\" data-element_type=\"column\" data-e-type=\"column\" data-settings=\"{&quot;background_background&quot;:&quot;classic&quot;}\">\n\t\t\t<div class=\"elementor-widget-wrap elementor-element-populated\">\n\t\t\t\t\t\t<div class=\"elementor-element elementor-element-113eefb elementor-widget elementor-widget-image\" data-id=\"113eefb\" data-element_type=\"widget\" data-e-type=\"widget\" data-widget_type=\"image.default\">\n\t\t\t\t<div class=\"elementor-widget-container\">\n\t\t\t\t\t\t\t\t\t\t\t\t\t\t\t<img fetchpriority=\"high\" decoding=\"async\" width=\"768\" height=\"576\" src=\"https:\/\/artur-mueller.com\/wp-content\/uploads\/2023\/11\/Acetatfolie-transparent-resized-768x576.jpg\" class=\"attachment-medium_large size-medium_large wp-image-1476\" alt=\"Acetatfolie transparent\" srcset=\"https:\/\/artur-mueller.com\/wp-content\/uploads\/2023\/11\/Acetatfolie-transparent-resized-768x576.jpg 768w, https:\/\/artur-mueller.com\/wp-content\/uploads\/2023\/11\/Acetatfolie-transparent-resized-300x225.jpg 300w, https:\/\/artur-mueller.com\/wp-content\/uploads\/2023\/11\/Acetatfolie-transparent-resized-1024x768.jpg 1024w, https:\/\/artur-mueller.com\/wp-content\/uploads\/2023\/11\/Acetatfolie-transparent-resized-1536x1152.jpg 1536w, https:\/\/artur-mueller.com\/wp-content\/uploads\/2023\/11\/Acetatfolie-transparent-resized-2048x1536.jpg 2048w, https:\/\/artur-mueller.com\/wp-content\/uploads\/2023\/11\/Acetatfolie-transparent-resized-16x12.jpg 16w\" sizes=\"(max-width: 768px) 100vw, 768px\">\t\t\t\t\t\t\t\t\t\t\t\t\t\t\t<\/div>\n\t\t\t\t<\/div>\n\t\t\t\t<div class=\"elementor-element elementor-element-396be8b elementor-widget elementor-widget-heading\" data-id=\"396be8b\" data-element_type=\"widget\" data-e-type=\"widget\" data-widget_type=\"heading.default\">\n\t\t\t\t<div class=\"elementor-widget-container\">\n\t\t\t\t\t<h2 class=\"elementor-heading-title elementor-size-default\">Ace\u00adtate film (trans\u00adpa\u00adrent)<\/h2>\t\t\t\t<\/div>\n\t\t\t\t<\/div>\n\t\t\t\t<div class=\"elementor-element elementor-element-07eb41c elementor-widget elementor-widget-text-editor\" data-id=\"07eb41c\" data-element_type=\"widget\" data-e-type=\"widget\" data-widget_type=\"text-editor.default\">\n\t\t\t\t<div class=\"elementor-widget-container\">\n\t\t\t\t\t\t\t\t\t<p>Our ace\u00adtate film meets the hig\u00adhest qua\u00adlity stan\u00addards. It has mini\u00admal allo\u00adwan\u00adces in both thic\u00adk\u00adness and width. Our ace\u00adtate film is free from phtha\u00adla\u00adtes. <\/p>\t\t\t\t\t\t\t\t<\/div>\n\t\t\t\t<\/div>\n\t\t\t\t<div class=\"elementor-element elementor-element-791e65c elementor-align-justify acetat-transparent elementor-widget elementor-widget-button\" data-id=\"791e65c\" data-element_type=\"widget\" data-e-type=\"widget\" data-widget_type=\"button.default\">\n\t\t\t\t<div class=\"elementor-widget-container\">\n\t\t\t\t\t\t\t\t\t<div class=\"elementor-button-wrapper\">\n\t\t\t\t\t<a class=\"elementor-button elementor-size-sm\" role=\"button\">\n\t\t\t\t\t\t<span class=\"elementor-button-content-wrapper\">\n\t\t\t\t\t\t\t\t\t<span class=\"elementor-button-text\">Learn more<\/span>\n\t\t\t\t\t<\/span>\n\t\t\t\t\t<\/a>\n\t\t\t\t<\/div>\n\t\t\t\t\t\t\t\t<\/div>\n\t\t\t\t<\/div>\n\t\t\t\t\t<\/div>\n\t\t<\/div>\n\t\t\t\t<div class=\"elementor-column elementor-col-33 elementor-top-column elementor-element elementor-element-3c7a055\" data-id=\"3c7a055\" data-element_type=\"column\" data-e-type=\"column\" data-settings=\"{&quot;background_background&quot;:&quot;classic&quot;}\">\n\t\t\t<div class=\"elementor-widget-wrap elementor-element-populated\">\n\t\t\t\t\t\t<div class=\"elementor-element elementor-element-a34a2d7 elementor-widget elementor-widget-image\" data-id=\"a34a2d7\" data-element_type=\"widget\" data-e-type=\"widget\" data-widget_type=\"image.default\">\n\t\t\t\t<div class=\"elementor-widget-container\">\n\t\t\t\t\t\t\t\t\t\t\t\t\t\t\t<img decoding=\"async\" width=\"768\" height=\"576\" src=\"https:\/\/artur-mueller.com\/wp-content\/uploads\/2023\/11\/Acetatfolie-farbig-resized-768x576.jpg\" class=\"attachment-medium_large size-medium_large wp-image-1477\" alt=\"Acetatfolie farbig\" srcset=\"https:\/\/artur-mueller.com\/wp-content\/uploads\/2023\/11\/Acetatfolie-farbig-resized-768x576.jpg 768w, https:\/\/artur-mueller.com\/wp-content\/uploads\/2023\/11\/Acetatfolie-farbig-resized-300x225.jpg 300w, https:\/\/artur-mueller.com\/wp-content\/uploads\/2023\/11\/Acetatfolie-farbig-resized-1024x768.jpg 1024w, https:\/\/artur-mueller.com\/wp-content\/uploads\/2023\/11\/Acetatfolie-farbig-resized-1536x1152.jpg 1536w, https:\/\/artur-mueller.com\/wp-content\/uploads\/2023\/11\/Acetatfolie-farbig-resized-2048x1536.jpg 2048w, https:\/\/artur-mueller.com\/wp-content\/uploads\/2023\/11\/Acetatfolie-farbig-resized-16x12.jpg 16w\" sizes=\"(max-width: 768px) 100vw, 768px\">\t\t\t\t\t\t\t\t\t\t\t\t\t\t\t<\/div>\n\t\t\t\t<\/div>\n\t\t\t\t<div class=\"elementor-element elementor-element-81fc3f2 elementor-widget elementor-widget-heading\" data-id=\"81fc3f2\" data-element_type=\"widget\" data-e-type=\"widget\" data-widget_type=\"heading.default\">\n\t\t\t\t<div class=\"elementor-widget-container\">\n\t\t\t\t\t<h2 class=\"elementor-heading-title elementor-size-default\">Ace\u00adtate film (colourful)<\/h2>\t\t\t\t<\/div>\n\t\t\t\t<\/div>\n\t\t\t\t<div class=\"elementor-element elementor-element-26b47d4 elementor-widget elementor-widget-text-editor\" data-id=\"26b47d4\" data-element_type=\"widget\" data-e-type=\"widget\" data-widget_type=\"text-editor.default\">\n\t\t\t\t<div class=\"elementor-widget-container\">\n\t\t\t\t\t\t\t\t\t<p>We deli\u00adver ace\u00adtate film in dif\u00adfe\u00adrent colours and cor\u00adre\u00adspon\u00adding dimen\u00adsi\u00adons. The film is nearly opaque, ensu\u00adring that the colour of the shoelace does not shine through. <\/p>\t\t\t\t\t\t\t\t<\/div>\n\t\t\t\t<\/div>\n\t\t\t\t\t<\/div>\n\t\t<\/div>\n\t\t\t\t<div class=\"elementor-column elementor-col-33 elementor-top-column elementor-element elementor-element-9ce1f54 elementor-hidden-tablet elementor-hidden-mobile\" data-id=\"9ce1f54\" data-element_type=\"column\" data-e-type=\"column\" data-settings=\"{&quot;background_background&quot;:&quot;classic&quot;}\">\n\t\t\t<div class=\"elementor-widget-wrap\">\n\t\t\t\t\t\t\t<\/div>\n\t\t<\/div>\n\t\t\t\t\t<\/div>\n\t\t<\/section>\n\t\t<div class=\"elementor-element elementor-element-2e5cbab e-flex e-con-boxed e-con e-parent\" data-id=\"2e5cbab\" data-element_type=\"container\" data-e-type=\"container\">\n\t\t\t\t\t<div class=\"e-con-inner\">\n\t\t\t\t<div class=\"elementor-element elementor-element-1db7cdb elementor-widget elementor-widget-spacer\" data-id=\"1db7cdb\" data-element_type=\"widget\" data-e-type=\"widget\" data-widget_type=\"spacer.default\">\n\t\t\t\t<div class=\"elementor-widget-container\">\n\t\t\t\t\t\t\t<div class=\"elementor-spacer\">\n\t\t\t<div class=\"elementor-spacer-inner\"><\/div>\n\t\t<\/div>\n\t\t\t\t\t\t<\/div>\n\t\t\t\t<\/div>\n\t\t\t\t\t<\/div>\n\t\t\t\t<\/div>\n\t\t\t\t<\/div>","protected":false},"excerpt":{"rendered":"<p>Verbrauchsmaterial Nutzen Sie unser getestetes Verbrauchsmaterial f\u00fcr Ihre Maschinen von Artur M\u00fcller &amp; S\u00f6hne. Unsere qualitativen Acetatfolien sind frei von Phthalaten und haben minimale Toleranzen. Au\u00dferdem k\u00f6nnen Sie auf vielen Maschinen mit Metallband benadeln. Acetatfolie (Transparent) Unsere Acetatfolien gen\u00fcgen h\u00f6chsten Qualit\u00e4tsanforderungen. Sie haben minimale Toleranzen sowohl in der Dicke als auch in der Breite. Unsere [&hellip;]<\/p>\n","protected":false},"author":2,"featured_media":0,"parent":0,"menu_order":0,"comment_status":"closed","ping_status":"closed","template":"","meta":{"om_disable_all_campaigns":false,"wp_typography_post_enhancements_disabled":false,"footnotes":""},"class_list":["post-430","page","type-page","status-publish","hentry"],"aioseo_notices":[],"_links":{"self":[{"href":"https:\/\/artur-mueller.com\/en\/wp-json\/wp\/v2\/pages\/430","targetHints":{"allow":["GET"]}}],"collection":[{"href":"https:\/\/artur-mueller.com\/en\/wp-json\/wp\/v2\/pages"}],"about":[{"href":"https:\/\/artur-mueller.com\/en\/wp-json\/wp\/v2\/types\/page"}],"author":[{"embeddable":true,"href":"https:\/\/artur-mueller.com\/en\/wp-json\/wp\/v2\/users\/2"}],"replies":[{"embeddable":true,"href":"https:\/\/artur-mueller.com\/en\/wp-json\/wp\/v2\/comments?post=430"}],"version-history":[{"count":85,"href":"https:\/\/artur-mueller.com\/en\/wp-json\/wp\/v2\/pages\/430\/revisions"}],"predecessor-version":[{"id":2121,"href":"https:\/\/artur-mueller.com\/en\/wp-json\/wp\/v2\/pages\/430\/revisions\/2121"}],"wp:attachment":[{"href":"https:\/\/artur-mueller.com\/en\/wp-json\/wp\/v2\/media?parent=430"}],"curies":[{"name":"wp","href":"https:\/\/api.w.org\/{rel}","templated":true}]}}