{"id":2127,"date":"2026-05-07T11:18:18","date_gmt":"2026-05-07T09:18:18","guid":{"rendered":"https:\/\/artur-mueller.com\/?page_id=2127"},"modified":"2026-05-07T11:32:16","modified_gmt":"2026-05-07T09:32:16","slug":"tipping-machines","status":"publish","type":"page","link":"https:\/\/artur-mueller.com\/en\/benadelung-maschinen\/","title":{"rendered":"Tip\u00adping machi\u00adnes"},"content":{"rendered":"<div data-elementor-type=\"wp-page\" data-elementor-id=\"2127\" class=\"elementor elementor-2127\">\n\t\t\t\t\t\t<section class=\"elementor-section elementor-top-section elementor-element elementor-element-841c34b elementor-section-boxed elementor-section-height-default elementor-section-height-default\" data-id=\"841c34b\" data-element_type=\"section\" data-e-type=\"section\">\n\t\t\t\t\t\t<div class=\"elementor-container elementor-column-gap-default\">\n\t\t\t\t\t<div class=\"elementor-column elementor-col-100 elementor-top-column elementor-element elementor-element-abb6121\" data-id=\"abb6121\" data-element_type=\"column\" data-e-type=\"column\">\n\t\t\t<div class=\"elementor-widget-wrap elementor-element-populated\">\n\t\t\t\t\t\t<div class=\"elementor-element elementor-element-2154170 elementor-widget elementor-widget-heading\" data-id=\"2154170\" data-element_type=\"widget\" data-e-type=\"widget\" data-widget_type=\"heading.default\">\n\t\t\t\t<div class=\"elementor-widget-container\">\n\t\t\t\t\t<h1 class=\"elementor-heading-title elementor-size-default\">Machi\u00adnes for tip\u00adping shoelaces and cords<\/h1>\t\t\t\t<\/div>\n\t\t\t\t<\/div>\n\t\t\t\t<div class=\"elementor-element elementor-element-98b4b5e elementor-widget elementor-widget-text-editor\" data-id=\"98b4b5e\" data-element_type=\"widget\" data-e-type=\"widget\" data-widget_type=\"text-editor.default\">\n\t\t\t\t<div class=\"elementor-widget-container\">\n\t\t\t\t\t\t\t\t\t<p>Artur M\u00fcl\u00adler und S\u00f6hne has been pro\u00addu\u00adcing machi\u00adnes for the tip\u00adping of shoelaces, cords and bands for deca\u00addes. Tip\u00adping refers to the pro\u00adcess of app\u00adly\u00ading a pro\u00adtec\u00adtive sleeve to the end of a shoelace, cord or band. This pre\u00advents fray\u00ading and makes thre\u00ada\u00adding easier. Seve\u00adral tip\u00adping tech\u00adni\u00adques are available depen\u00adding on the appli\u00adca\u00adtion.<\/p>\n<p>Artur M\u00fcl\u00adler &amp; S\u00f6hne offers a wide range of tip\u00adping machi\u00adnes, cove\u00adring tip\u00adping with foil, metal foil and T-foil, as well as tip\u00adping by heat and ultra\u00adso\u00adnic tip\u00adping for par\u00adti\u00adcu\u00adlarly high dura\u00adbi\u00adlity.<\/p>\n<p>Each of our cur\u00adrent machi\u00adnes is fully auto\u00adma\u00adtic and has a spe\u00adci\u00adfic strength. The AM 75 \/ 80 is our stan\u00addard model, ide\u00adally sui\u00adted for high volu\u00admes and cost-effi\u00adci\u00adent pro\u00adduc\u00adtion. The AM 74 can tip excep\u00adtio\u00adnally short and long shoelaces or bands. The AM-ULTRA uses ultra\u00adso\u00adnic tip\u00adping for par\u00adti\u00adcu\u00adlarly high lon\u00adge\u00advity. The AM 76 and AM 72 are opti\u00admi\u00adsed for tip\u00adping ela\u00ads\u00adtic cords by heat. We are happy to advise you on which machine best suits your requi\u00adre\u00adments.<\/p>\n<p>Artur M\u00fcl\u00adler und S\u00f6hne is the world mar\u00adket lea\u00adder for shoelace tip\u00adping machi\u00adnes, cove\u00adring bands, cords and all other types of laces. Our machi\u00adnes have been used in over 100 count\u00adries for more than 75 years and can remain ope\u00adra\u00adtio\u00adnal for deca\u00addes with pro\u00adper main\u00adten\u00adance. We also pro\u00advide main\u00adten\u00adance, repairs and trai\u00adning on request. Cont\u00adact us and we will find the right machine for you.<\/p>\t\t\t\t\t\t\t\t<\/div>\n\t\t\t\t<\/div>\n\t\t\t\t\t<\/div>\n\t\t<\/div>\n\t\t\t\t\t<\/div>\n\t\t<\/section>\n\t\t\t\t<section class=\"elementor-section elementor-top-section elementor-element elementor-element-1e55329 elementor-section-boxed elementor-section-height-default elementor-section-height-default\" data-id=\"1e55329\" data-element_type=\"section\" data-e-type=\"section\">\n\t\t\t\t\t\t<div class=\"elementor-container elementor-column-gap-default\">\n\t\t\t\t\t<div class=\"elementor-column elementor-col-33 elementor-top-column elementor-element elementor-element-3c7a055\" data-id=\"3c7a055\" data-element_type=\"column\" data-e-type=\"column\" data-settings=\"{&quot;background_background&quot;:&quot;classic&quot;}\">\n\t\t\t<div class=\"elementor-widget-wrap elementor-element-populated\">\n\t\t\t\t\t\t<div class=\"elementor-element elementor-element-a34a2d7 elementor-widget elementor-widget-image\" data-id=\"a34a2d7\" data-element_type=\"widget\" data-e-type=\"widget\" data-widget_type=\"image.default\">\n\t\t\t\t<div class=\"elementor-widget-container\">\n\t\t\t\t\t\t\t\t\t\t\t\t\t\t\t\t<a href=\"https:\/\/artur-mueller.com\/en\/am-75-80\/\">\n\t\t\t\t\t\t\t<img fetchpriority=\"high\" decoding=\"async\" width=\"768\" height=\"576\" src=\"https:\/\/artur-mueller.com\/wp-content\/uploads\/2023\/07\/IMG_8659-768x576.jpg\" class=\"attachment-medium_large size-medium_large wp-image-36\" alt=\"AM 75 Gro\u00dfaufnahme\" srcset=\"https:\/\/artur-mueller.com\/wp-content\/uploads\/2023\/07\/IMG_8659-768x576.jpg 768w, https:\/\/artur-mueller.com\/wp-content\/uploads\/2023\/07\/IMG_8659-300x225.jpg 300w, https:\/\/artur-mueller.com\/wp-content\/uploads\/2023\/07\/IMG_8659-1024x768.jpg 1024w, https:\/\/artur-mueller.com\/wp-content\/uploads\/2023\/07\/IMG_8659-1536x1152.jpg 1536w, https:\/\/artur-mueller.com\/wp-content\/uploads\/2023\/07\/IMG_8659-2048x1536.jpg 2048w\" sizes=\"(max-width: 768px) 100vw, 768px\">\t\t\t\t\t\t\t\t<\/a>\n\t\t\t\t\t\t\t\t\t\t\t\t\t\t\t<\/div>\n\t\t\t\t<\/div>\n\t\t\t\t<div class=\"elementor-element elementor-element-81fc3f2 elementor-widget elementor-widget-heading\" data-id=\"81fc3f2\" data-element_type=\"widget\" data-e-type=\"widget\" data-widget_type=\"heading.default\">\n\t\t\t\t<div class=\"elementor-widget-container\">\n\t\t\t\t\t<h2 class=\"elementor-heading-title elementor-size-default\">AM 75 \/ AM 80<\/h2>\t\t\t\t<\/div>\n\t\t\t\t<\/div>\n\t\t\t\t<div class=\"elementor-element elementor-element-26b47d4 elementor-widget elementor-widget-text-editor\" data-id=\"26b47d4\" data-element_type=\"widget\" data-e-type=\"widget\" data-widget_type=\"text-editor.default\">\n\t\t\t\t<div class=\"elementor-widget-container\">\n\t\t\t\t\t\t\t\t\t<p>Fully auto\u00adma\u00adtic machine for tip\u00adping shoelaces with Ace\u00adtate-film, Metal and by heat.<\/p>\t\t\t\t\t\t\t\t<\/div>\n\t\t\t\t<\/div>\n\t\t\t\t<div class=\"elementor-element elementor-element-0087db8 elementor-align-justify elementor-widget elementor-widget-button\" data-id=\"0087db8\" data-element_type=\"widget\" data-e-type=\"widget\" data-widget_type=\"button.default\">\n\t\t\t\t<div class=\"elementor-widget-container\">\n\t\t\t\t\t\t\t\t\t<div class=\"elementor-button-wrapper\">\n\t\t\t\t\t<a class=\"elementor-button elementor-button-link elementor-size-sm\" href=\"https:\/\/artur-mueller.com\/en\/am-75-80\/\">\n\t\t\t\t\t\t<span class=\"elementor-button-content-wrapper\">\n\t\t\t\t\t\t\t\t\t<span class=\"elementor-button-text\">AM 75 \/ AM 80<\/span>\n\t\t\t\t\t<\/span>\n\t\t\t\t\t<\/a>\n\t\t\t\t<\/div>\n\t\t\t\t\t\t\t\t<\/div>\n\t\t\t\t<\/div>\n\t\t\t\t\t<\/div>\n\t\t<\/div>\n\t\t\t\t<div class=\"elementor-column elementor-col-33 elementor-top-column elementor-element elementor-element-2d0a73f\" data-id=\"2d0a73f\" data-element_type=\"column\" data-e-type=\"column\" data-settings=\"{&quot;background_background&quot;:&quot;classic&quot;}\">\n\t\t\t<div class=\"elementor-widget-wrap elementor-element-populated\">\n\t\t\t\t\t\t<div class=\"elementor-element elementor-element-6afe5b2 elementor-widget elementor-widget-image\" data-id=\"6afe5b2\" data-element_type=\"widget\" data-e-type=\"widget\" data-widget_type=\"image.default\">\n\t\t\t\t<div class=\"elementor-widget-container\">\n\t\t\t\t\t\t\t\t\t\t\t\t\t\t\t\t<a href=\"https:\/\/artur-mueller.com\/en\/am-74\/\">\n\t\t\t\t\t\t\t<img decoding=\"async\" width=\"768\" height=\"576\" src=\"https:\/\/artur-mueller.com\/wp-content\/uploads\/2023\/11\/Am74-still-upscaled-2-768x576.jpg\" class=\"attachment-medium_large size-medium_large wp-image-1254\" alt=\"AM 74\" srcset=\"https:\/\/artur-mueller.com\/wp-content\/uploads\/2023\/11\/Am74-still-upscaled-2-768x576.jpg 768w, https:\/\/artur-mueller.com\/wp-content\/uploads\/2023\/11\/Am74-still-upscaled-2-300x225.jpg 300w, https:\/\/artur-mueller.com\/wp-content\/uploads\/2023\/11\/Am74-still-upscaled-2-1024x768.jpg 1024w, https:\/\/artur-mueller.com\/wp-content\/uploads\/2023\/11\/Am74-still-upscaled-2-1536x1152.jpg 1536w, https:\/\/artur-mueller.com\/wp-content\/uploads\/2023\/11\/Am74-still-upscaled-2-2048x1536.jpg 2048w, https:\/\/artur-mueller.com\/wp-content\/uploads\/2023\/11\/Am74-still-upscaled-2-16x12.jpg 16w\" sizes=\"(max-width: 768px) 100vw, 768px\">\t\t\t\t\t\t\t\t<\/a>\n\t\t\t\t\t\t\t\t\t\t\t\t\t\t\t<\/div>\n\t\t\t\t<\/div>\n\t\t\t\t<div class=\"elementor-element elementor-element-42e04c0 elementor-widget elementor-widget-heading\" data-id=\"42e04c0\" data-element_type=\"widget\" data-e-type=\"widget\" data-widget_type=\"heading.default\">\n\t\t\t\t<div class=\"elementor-widget-container\">\n\t\t\t\t\t<h2 class=\"elementor-heading-title elementor-size-default\">AM 74<\/h2>\t\t\t\t<\/div>\n\t\t\t\t<\/div>\n\t\t\t\t<div class=\"elementor-element elementor-element-43b05d5 elementor-widget elementor-widget-text-editor\" data-id=\"43b05d5\" data-element_type=\"widget\" data-e-type=\"widget\" data-widget_type=\"text-editor.default\">\n\t\t\t\t<div class=\"elementor-widget-container\">\n\t\t\t\t\t\t\t\t\t<p>Fully auto\u00adma\u00adtic machine for tip\u00adping shoelaces with Ace\u00adtate-Film, Metal and T-Foil.<\/p>\t\t\t\t\t\t\t\t<\/div>\n\t\t\t\t<\/div>\n\t\t\t\t<div class=\"elementor-element elementor-element-b6eda5a elementor-align-justify elementor-widget elementor-widget-button\" data-id=\"b6eda5a\" data-element_type=\"widget\" data-e-type=\"widget\" data-widget_type=\"button.default\">\n\t\t\t\t<div class=\"elementor-widget-container\">\n\t\t\t\t\t\t\t\t\t<div class=\"elementor-button-wrapper\">\n\t\t\t\t\t<a class=\"elementor-button elementor-button-link elementor-size-sm\" href=\"https:\/\/artur-mueller.com\/en\/am-74\/\">\n\t\t\t\t\t\t<span class=\"elementor-button-content-wrapper\">\n\t\t\t\t\t\t\t\t\t<span class=\"elementor-button-text\">AM 74<\/span>\n\t\t\t\t\t<\/span>\n\t\t\t\t\t<\/a>\n\t\t\t\t<\/div>\n\t\t\t\t\t\t\t\t<\/div>\n\t\t\t\t<\/div>\n\t\t\t\t\t<\/div>\n\t\t<\/div>\n\t\t\t\t<div class=\"elementor-column elementor-col-33 elementor-top-column elementor-element elementor-element-9ce1f54\" data-id=\"9ce1f54\" data-element_type=\"column\" data-e-type=\"column\" data-settings=\"{&quot;background_background&quot;:&quot;classic&quot;}\">\n\t\t\t<div class=\"elementor-widget-wrap elementor-element-populated\">\n\t\t\t\t\t\t<div class=\"elementor-element elementor-element-6acc812 elementor-widget elementor-widget-image\" data-id=\"6acc812\" data-element_type=\"widget\" data-e-type=\"widget\" data-widget_type=\"image.default\">\n\t\t\t\t<div class=\"elementor-widget-container\">\n\t\t\t\t\t\t\t\t\t\t\t\t\t\t\t\t<a href=\"https:\/\/artur-mueller.com\/en\/am-ultra\/\">\n\t\t\t\t\t\t\t<img decoding=\"async\" width=\"768\" height=\"576\" src=\"https:\/\/artur-mueller.com\/wp-content\/uploads\/2023\/07\/AM75-ULTRA-scaled-e1688743474794-768x576.jpg\" class=\"attachment-medium_large size-medium_large wp-image-76\" alt=\"AM ULTRA Gro\u00dfaufnahme\" srcset=\"https:\/\/artur-mueller.com\/wp-content\/uploads\/2023\/07\/AM75-ULTRA-scaled-e1688743474794-768x576.jpg 768w, https:\/\/artur-mueller.com\/wp-content\/uploads\/2023\/07\/AM75-ULTRA-scaled-e1688743474794-300x225.jpg 300w, https:\/\/artur-mueller.com\/wp-content\/uploads\/2023\/07\/AM75-ULTRA-scaled-e1688743474794-1024x768.jpg 1024w, https:\/\/artur-mueller.com\/wp-content\/uploads\/2023\/07\/AM75-ULTRA-scaled-e1688743474794-1536x1152.jpg 1536w, https:\/\/artur-mueller.com\/wp-content\/uploads\/2023\/07\/AM75-ULTRA-scaled-e1688743474794.jpg 1920w\" sizes=\"(max-width: 768px) 100vw, 768px\">\t\t\t\t\t\t\t\t<\/a>\n\t\t\t\t\t\t\t\t\t\t\t\t\t\t\t<\/div>\n\t\t\t\t<\/div>\n\t\t\t\t<div class=\"elementor-element elementor-element-6c97811 elementor-widget elementor-widget-heading\" data-id=\"6c97811\" data-element_type=\"widget\" data-e-type=\"widget\" data-widget_type=\"heading.default\">\n\t\t\t\t<div class=\"elementor-widget-container\">\n\t\t\t\t\t<h2 class=\"elementor-heading-title elementor-size-default\">AM-ULTRA<\/h2>\t\t\t\t<\/div>\n\t\t\t\t<\/div>\n\t\t\t\t<div class=\"elementor-element elementor-element-91cb248 elementor-widget elementor-widget-text-editor\" data-id=\"91cb248\" data-element_type=\"widget\" data-e-type=\"widget\" data-widget_type=\"text-editor.default\">\n\t\t\t\t<div class=\"elementor-widget-container\">\n\t\t\t\t\t\t\t\t\t<p>Fully auto\u00adma\u00adtic machine for tip\u00adping shoelaces with Ultra\u00adsound and cold- or laser cut\u00adting.<\/p>\t\t\t\t\t\t\t\t<\/div>\n\t\t\t\t<\/div>\n\t\t\t\t<div class=\"elementor-element elementor-element-6cdc8c1 elementor-align-justify elementor-widget elementor-widget-button\" data-id=\"6cdc8c1\" data-element_type=\"widget\" data-e-type=\"widget\" data-widget_type=\"button.default\">\n\t\t\t\t<div class=\"elementor-widget-container\">\n\t\t\t\t\t\t\t\t\t<div class=\"elementor-button-wrapper\">\n\t\t\t\t\t<a class=\"elementor-button elementor-button-link elementor-size-sm\" href=\"https:\/\/artur-mueller.com\/en\/am-ultra\/\">\n\t\t\t\t\t\t<span class=\"elementor-button-content-wrapper\">\n\t\t\t\t\t\t\t\t\t<span class=\"elementor-button-text\">AM-ULTRA<\/span>\n\t\t\t\t\t<\/span>\n\t\t\t\t\t<\/a>\n\t\t\t\t<\/div>\n\t\t\t\t\t\t\t\t<\/div>\n\t\t\t\t<\/div>\n\t\t\t\t\t<\/div>\n\t\t<\/div>\n\t\t\t\t\t<\/div>\n\t\t<\/section>\n\t\t\t\t<section class=\"elementor-section elementor-top-section elementor-element elementor-element-23851e2 elementor-section-boxed elementor-section-height-default elementor-section-height-default\" data-id=\"23851e2\" data-element_type=\"section\" data-e-type=\"section\">\n\t\t\t\t\t\t<div class=\"elementor-container elementor-column-gap-default\">\n\t\t\t\t\t<div class=\"elementor-column elementor-col-33 elementor-top-column elementor-element elementor-element-09d9a4d\" data-id=\"09d9a4d\" data-element_type=\"column\" data-e-type=\"column\" data-settings=\"{&quot;background_background&quot;:&quot;classic&quot;}\">\n\t\t\t<div class=\"elementor-widget-wrap elementor-element-populated\">\n\t\t\t\t\t\t<div class=\"elementor-element elementor-element-9488db7 elementor-widget elementor-widget-image\" data-id=\"9488db7\" data-element_type=\"widget\" data-e-type=\"widget\" data-widget_type=\"image.default\">\n\t\t\t\t<div class=\"elementor-widget-container\">\n\t\t\t\t\t\t\t\t\t\t\t\t\t\t\t\t<a href=\"https:\/\/artur-mueller.com\/en\/am-76\/\">\n\t\t\t\t\t\t\t<img loading=\"lazy\" decoding=\"async\" width=\"768\" height=\"576\" src=\"https:\/\/artur-mueller.com\/wp-content\/uploads\/2024\/03\/AM-76-frontal-close-768x576.jpg\" class=\"attachment-medium_large size-medium_large wp-image-1803\" alt=\"AM-76 frontal\" srcset=\"https:\/\/artur-mueller.com\/wp-content\/uploads\/2024\/03\/AM-76-frontal-close-768x576.jpg 768w, https:\/\/artur-mueller.com\/wp-content\/uploads\/2024\/03\/AM-76-frontal-close-300x225.jpg 300w, https:\/\/artur-mueller.com\/wp-content\/uploads\/2024\/03\/AM-76-frontal-close-1024x768.jpg 1024w, https:\/\/artur-mueller.com\/wp-content\/uploads\/2024\/03\/AM-76-frontal-close-1536x1152.jpg 1536w, https:\/\/artur-mueller.com\/wp-content\/uploads\/2024\/03\/AM-76-frontal-close-2048x1536.jpg 2048w, https:\/\/artur-mueller.com\/wp-content\/uploads\/2024\/03\/AM-76-frontal-close-16x12.jpg 16w\" sizes=\"(max-width: 768px) 100vw, 768px\">\t\t\t\t\t\t\t\t<\/a>\n\t\t\t\t\t\t\t\t\t\t\t\t\t\t\t<\/div>\n\t\t\t\t<\/div>\n\t\t\t\t<div class=\"elementor-element elementor-element-b2b6cc5 elementor-widget elementor-widget-heading\" data-id=\"b2b6cc5\" data-element_type=\"widget\" data-e-type=\"widget\" data-widget_type=\"heading.default\">\n\t\t\t\t<div class=\"elementor-widget-container\">\n\t\t\t\t\t<h2 class=\"elementor-heading-title elementor-size-default\">AM 76<\/h2>\t\t\t\t<\/div>\n\t\t\t\t<\/div>\n\t\t\t\t<div class=\"elementor-element elementor-element-3d9f503 elementor-widget elementor-widget-text-editor\" data-id=\"3d9f503\" data-element_type=\"widget\" data-e-type=\"widget\" data-widget_type=\"text-editor.default\">\n\t\t\t\t<div class=\"elementor-widget-container\">\n\t\t\t\t\t\t\t\t\t<p>Fully auto\u00adma\u00adtic machine for tip\u00adping syn\u00adthe\u00adtic and espe\u00adci\u00adally very ela\u00ads\u00adtic cords by heat.<\/p>\t\t\t\t\t\t\t\t<\/div>\n\t\t\t\t<\/div>\n\t\t\t\t<div class=\"elementor-element elementor-element-c6f85ad elementor-align-justify elementor-widget elementor-widget-button\" data-id=\"c6f85ad\" data-element_type=\"widget\" data-e-type=\"widget\" data-widget_type=\"button.default\">\n\t\t\t\t<div class=\"elementor-widget-container\">\n\t\t\t\t\t\t\t\t\t<div class=\"elementor-button-wrapper\">\n\t\t\t\t\t<a class=\"elementor-button elementor-button-link elementor-size-sm\" href=\"https:\/\/artur-mueller.com\/en\/am-76\/\">\n\t\t\t\t\t\t<span class=\"elementor-button-content-wrapper\">\n\t\t\t\t\t\t\t\t\t<span class=\"elementor-button-text\">AM 76<\/span>\n\t\t\t\t\t<\/span>\n\t\t\t\t\t<\/a>\n\t\t\t\t<\/div>\n\t\t\t\t\t\t\t\t<\/div>\n\t\t\t\t<\/div>\n\t\t\t\t\t<\/div>\n\t\t<\/div>\n\t\t\t\t<div class=\"elementor-column elementor-col-33 elementor-top-column elementor-element elementor-element-b8e6a46\" data-id=\"b8e6a46\" data-element_type=\"column\" data-e-type=\"column\" data-settings=\"{&quot;background_background&quot;:&quot;classic&quot;}\">\n\t\t\t<div class=\"elementor-widget-wrap elementor-element-populated\">\n\t\t\t\t\t\t<div class=\"elementor-element elementor-element-3c45bb7 elementor-widget elementor-widget-image\" data-id=\"3c45bb7\" data-element_type=\"widget\" data-e-type=\"widget\" data-widget_type=\"image.default\">\n\t\t\t\t<div class=\"elementor-widget-container\">\n\t\t\t\t\t\t\t\t\t\t\t\t\t\t\t\t<a href=\"https:\/\/artur-mueller.com\/en\/am-72\/\">\n\t\t\t\t\t\t\t<img loading=\"lazy\" decoding=\"async\" width=\"768\" height=\"576\" src=\"https:\/\/artur-mueller.com\/wp-content\/uploads\/2023\/07\/AM72-Ganz--768x576.jpg\" class=\"attachment-medium_large size-medium_large wp-image-81\" alt=\"AM-72 Gro\u00dfaufnahme\" srcset=\"https:\/\/artur-mueller.com\/wp-content\/uploads\/2023\/07\/AM72-Ganz--768x576.jpg 768w, https:\/\/artur-mueller.com\/wp-content\/uploads\/2023\/07\/AM72-Ganz--300x225.jpg 300w, https:\/\/artur-mueller.com\/wp-content\/uploads\/2023\/07\/AM72-Ganz--1024x768.jpg 1024w, https:\/\/artur-mueller.com\/wp-content\/uploads\/2023\/07\/AM72-Ganz--1536x1152.jpg 1536w, https:\/\/artur-mueller.com\/wp-content\/uploads\/2023\/07\/AM72-Ganz--2048x1536.jpg 2048w\" sizes=\"(max-width: 768px) 100vw, 768px\">\t\t\t\t\t\t\t\t<\/a>\n\t\t\t\t\t\t\t\t\t\t\t\t\t\t\t<\/div>\n\t\t\t\t<\/div>\n\t\t\t\t<div class=\"elementor-element elementor-element-eb6288d elementor-widget elementor-widget-heading\" data-id=\"eb6288d\" data-element_type=\"widget\" data-e-type=\"widget\" data-widget_type=\"heading.default\">\n\t\t\t\t<div class=\"elementor-widget-container\">\n\t\t\t\t\t<h2 class=\"elementor-heading-title elementor-size-default\">AM 72<\/h2>\t\t\t\t<\/div>\n\t\t\t\t<\/div>\n\t\t\t\t<div class=\"elementor-element elementor-element-db34d01 elementor-widget elementor-widget-text-editor\" data-id=\"db34d01\" data-element_type=\"widget\" data-e-type=\"widget\" data-widget_type=\"text-editor.default\">\n\t\t\t\t<div class=\"elementor-widget-container\">\n\t\t\t\t\t\t\t\t\t<p>Fully auto\u00adma\u00adtic machine for tip\u00adping shoelaces and ela\u00ads\u00adtic pull\u00adcords by heat.<\/p>\t\t\t\t\t\t\t\t<\/div>\n\t\t\t\t<\/div>\n\t\t\t\t<div class=\"elementor-element elementor-element-09bbdb9 elementor-align-justify elementor-widget elementor-widget-button\" data-id=\"09bbdb9\" data-element_type=\"widget\" data-e-type=\"widget\" data-widget_type=\"button.default\">\n\t\t\t\t<div class=\"elementor-widget-container\">\n\t\t\t\t\t\t\t\t\t<div class=\"elementor-button-wrapper\">\n\t\t\t\t\t<a class=\"elementor-button elementor-button-link elementor-size-sm\" href=\"https:\/\/artur-mueller.com\/en\/am-72\/\">\n\t\t\t\t\t\t<span class=\"elementor-button-content-wrapper\">\n\t\t\t\t\t\t\t\t\t<span class=\"elementor-button-text\">AM 72<\/span>\n\t\t\t\t\t<\/span>\n\t\t\t\t\t<\/a>\n\t\t\t\t<\/div>\n\t\t\t\t\t\t\t\t<\/div>\n\t\t\t\t<\/div>\n\t\t\t\t\t<\/div>\n\t\t<\/div>\n\t\t\t\t<div class=\"elementor-column elementor-col-33 elementor-top-column elementor-element elementor-element-d5f5f1c\" data-id=\"d5f5f1c\" data-element_type=\"column\" data-e-type=\"column\" data-settings=\"{&quot;background_background&quot;:&quot;classic&quot;}\">\n\t\t\t<div class=\"elementor-widget-wrap elementor-element-populated\">\n\t\t\t\t\t\t<div class=\"elementor-element elementor-element-0628801 elementor-widget elementor-widget-image\" data-id=\"0628801\" data-element_type=\"widget\" data-e-type=\"widget\" data-widget_type=\"image.default\">\n\t\t\t\t<div class=\"elementor-widget-container\">\n\t\t\t\t\t\t\t\t\t\t\t\t\t\t\t\t<a href=\"https:\/\/artur-mueller.com\/en\/am-71\/\">\n\t\t\t\t\t\t\t<img loading=\"lazy\" decoding=\"async\" width=\"768\" height=\"576\" src=\"https:\/\/artur-mueller.com\/wp-content\/uploads\/2023\/11\/AM-71-halbnahe-768x576.jpg\" class=\"attachment-medium_large size-medium_large wp-image-1315\" alt=\"AM-71\" srcset=\"https:\/\/artur-mueller.com\/wp-content\/uploads\/2023\/11\/AM-71-halbnahe-768x576.jpg 768w, https:\/\/artur-mueller.com\/wp-content\/uploads\/2023\/11\/AM-71-halbnahe-300x225.jpg 300w, https:\/\/artur-mueller.com\/wp-content\/uploads\/2023\/11\/AM-71-halbnahe-1024x768.jpg 1024w, https:\/\/artur-mueller.com\/wp-content\/uploads\/2023\/11\/AM-71-halbnahe-1536x1152.jpg 1536w, https:\/\/artur-mueller.com\/wp-content\/uploads\/2023\/11\/AM-71-halbnahe-2048x1536.jpg 2048w, https:\/\/artur-mueller.com\/wp-content\/uploads\/2023\/11\/AM-71-halbnahe-16x12.jpg 16w\" sizes=\"(max-width: 768px) 100vw, 768px\">\t\t\t\t\t\t\t\t<\/a>\n\t\t\t\t\t\t\t\t\t\t\t\t\t\t\t<\/div>\n\t\t\t\t<\/div>\n\t\t\t\t<div class=\"elementor-element elementor-element-b96252d elementor-widget elementor-widget-heading\" data-id=\"b96252d\" data-element_type=\"widget\" data-e-type=\"widget\" data-widget_type=\"heading.default\">\n\t\t\t\t<div class=\"elementor-widget-container\">\n\t\t\t\t\t<h2 class=\"elementor-heading-title elementor-size-default\">AM 71<\/h2>\t\t\t\t<\/div>\n\t\t\t\t<\/div>\n\t\t\t\t<div class=\"elementor-element elementor-element-f861388 elementor-widget elementor-widget-text-editor\" data-id=\"f861388\" data-element_type=\"widget\" data-e-type=\"widget\" data-widget_type=\"text-editor.default\">\n\t\t\t\t<div class=\"elementor-widget-container\">\n\t\t\t\t\t\t\t\t\t<p>Semi-auto\u00adma\u00adtic for tip\u00adping shoelaces with Ace\u00adtate-film, Metal and by heat.<\/p>\t\t\t\t\t\t\t\t<\/div>\n\t\t\t\t<\/div>\n\t\t\t\t<div class=\"elementor-element elementor-element-7a27019 elementor-align-justify elementor-widget elementor-widget-button\" data-id=\"7a27019\" data-element_type=\"widget\" data-e-type=\"widget\" data-widget_type=\"button.default\">\n\t\t\t\t<div class=\"elementor-widget-container\">\n\t\t\t\t\t\t\t\t\t<div class=\"elementor-button-wrapper\">\n\t\t\t\t\t<a class=\"elementor-button elementor-button-link elementor-size-sm\" href=\"https:\/\/artur-mueller.com\/en\/am-71\/\">\n\t\t\t\t\t\t<span class=\"elementor-button-content-wrapper\">\n\t\t\t\t\t\t\t\t\t<span class=\"elementor-button-text\">AM 71<\/span>\n\t\t\t\t\t<\/span>\n\t\t\t\t\t<\/a>\n\t\t\t\t<\/div>\n\t\t\t\t\t\t\t\t<\/div>\n\t\t\t\t<\/div>\n\t\t\t\t\t<\/div>\n\t\t<\/div>\n\t\t\t\t\t<\/div>\n\t\t<\/section>\n\t\t\t\t<\/div>","protected":false},"excerpt":{"rendered":"<p>Maschinen f\u00fcr die Benadelung von Schuhriemen, Kordeln und Gummib\u00e4ndern Artur M\u00fcller und S\u00f6hne produziert seit Jahrzehnten Maschinen f\u00fcr die Benadelung von Schuhriemen, Schn\u00fcren und B\u00e4ndern. Bei der Benadelung wird das Ende eines Schuhriemens, einer Kordel oder eines Bandes mit einer Schutzummantelung versehen. Das verhindert das Ausfransen und erleichtert das Einf\u00e4deln. Dabei gibt es verschiedene Benadelungstechniken, [&hellip;]<\/p>\n","protected":false},"author":2,"featured_media":0,"parent":0,"menu_order":0,"comment_status":"closed","ping_status":"closed","template":"","meta":{"om_disable_all_campaigns":false,"wp_typography_post_enhancements_disabled":false,"footnotes":""},"class_list":["post-2127","page","type-page","status-publish","hentry"],"aioseo_notices":[],"_links":{"self":[{"href":"https:\/\/artur-mueller.com\/en\/wp-json\/wp\/v2\/pages\/2127","targetHints":{"allow":["GET"]}}],"collection":[{"href":"https:\/\/artur-mueller.com\/en\/wp-json\/wp\/v2\/pages"}],"about":[{"href":"https:\/\/artur-mueller.com\/en\/wp-json\/wp\/v2\/types\/page"}],"author":[{"embeddable":true,"href":"https:\/\/artur-mueller.com\/en\/wp-json\/wp\/v2\/users\/2"}],"replies":[{"embeddable":true,"href":"https:\/\/artur-mueller.com\/en\/wp-json\/wp\/v2\/comments?post=2127"}],"version-history":[{"count":4,"href":"https:\/\/artur-mueller.com\/en\/wp-json\/wp\/v2\/pages\/2127\/revisions"}],"predecessor-version":[{"id":2131,"href":"https:\/\/artur-mueller.com\/en\/wp-json\/wp\/v2\/pages\/2127\/revisions\/2131"}],"wp:attachment":[{"href":"https:\/\/artur-mueller.com\/en\/wp-json\/wp\/v2\/media?parent=2127"}],"curies":[{"name":"wp","href":"https:\/\/api.w.org\/{rel}","templated":true}]}}